{"id":991,"date":"2024-09-18T19:20:36","date_gmt":"2024-09-18T17:20:36","guid":{"rendered":"https:\/\/cadilacgroup.com\/?page_id=991"},"modified":"2024-11-11T18:10:32","modified_gmt":"2024-11-11T17:10:32","slug":"noleggia-un-veicolo-commerciale","status":"publish","type":"page","link":"https:\/\/cadilacgroup.com\/index.php\/noleggia-un-veicolo-commerciale\/","title":{"rendered":"Noleggia un veicolo commerciale"},"content":{"rendered":"\t\t<div data-elementor-type=\"wp-page\" data-elementor-id=\"991\" class=\"elementor elementor-991\" data-elementor-post-type=\"page\">\n\t\t\t\t<div class=\"elementor-element elementor-element-42d8e67 e-con-full e-flex e-con e-parent\" data-id=\"42d8e67\" data-element_type=\"container\" data-e-type=\"container\">\n\t\t<div class=\"elementor-element elementor-element-47ecc2f e-con-full e-flex e-con e-child\" data-id=\"47ecc2f\" data-element_type=\"container\" data-e-type=\"container\" data-settings=\"{&quot;background_background&quot;:&quot;classic&quot;}\">\n\t\t\t\t<div class=\"elementor-element elementor-element-63451ec elementor-widget elementor-widget-heading\" data-id=\"63451ec\" data-element_type=\"widget\" data-e-type=\"widget\" data-widget_type=\"heading.default\">\n\t\t\t\t<div class=\"elementor-widget-container\">\n\t\t\t\t\t<h1 class=\"elementor-heading-title elementor-size-default\">Noleggia uno o pi\u00f9 veicoli per la tua attivit\u00e0!<\/h1>\t\t\t\t<\/div>\n\t\t\t\t<\/div>\n\t\t\t\t<div class=\"elementor-element elementor-element-4336dac elementor-widget elementor-widget-text-editor\" data-id=\"4336dac\" data-element_type=\"widget\" data-e-type=\"widget\" data-widget_type=\"text-editor.default\">\n\t\t\t\t<div class=\"elementor-widget-container\">\n\t\t\t\t\t\t\t\t\t<p>Affidati a <strong>Cadilac Group<\/strong> per il noleggio di veicoli commerciali adatti a ogni esigenza lavorativa. Offriamo furgoni, van, mezzi di cortesia con soluzioni di noleggio flessibili e personalizzate. I nostri veicoli commerciali garantiscono affidabilit\u00e0 e versatilit\u00e0, ideali per chi cerca praticit\u00e0 e convenienza senza compromessi sulla qualit\u00e0.<\/p>\t\t\t\t\t\t\t\t<\/div>\n\t\t\t\t<\/div>\n\t\t\t\t<div class=\"elementor-element elementor-element-ff7f29b elementor-widget elementor-widget-button\" data-id=\"ff7f29b\" data-element_type=\"widget\" data-e-type=\"widget\" data-widget_type=\"button.default\">\n\t\t\t\t<div class=\"elementor-widget-container\">\n\t\t\t\t\t\t\t\t\t<div class=\"elementor-button-wrapper\">\n\t\t\t\t\t<a class=\"elementor-button elementor-button-link elementor-size-sm\" href=\"https:\/\/cadilacgroup.com\/index.php\/contatti\/\">\n\t\t\t\t\t\t<span class=\"elementor-button-content-wrapper\">\n\t\t\t\t\t\t\t\t\t<span class=\"elementor-button-text\">CHIAMA PER UNA CONSULENZA<\/span>\n\t\t\t\t\t<\/span>\n\t\t\t\t\t<\/a>\n\t\t\t\t<\/div>\n\t\t\t\t\t\t\t\t<\/div>\n\t\t\t\t<\/div>\n\t\t\t\t<\/div>\n\t\t<div class=\"elementor-element elementor-element-4638fbf e-con-full e-flex e-con e-child\" data-id=\"4638fbf\" data-element_type=\"container\" data-e-type=\"container\">\n\t\t\t\t<div class=\"elementor-element elementor-element-e90504a elementor-widget elementor-widget-image\" data-id=\"e90504a\" data-element_type=\"widget\" data-e-type=\"widget\" data-widget_type=\"image.default\">\n\t\t\t\t<div class=\"elementor-widget-container\">\n\t\t\t\t\t\t\t\t\t\t\t\t\t\t\t<img fetchpriority=\"high\" decoding=\"async\" width=\"800\" height=\"511\" src=\"https:\/\/cadilacgroup.com\/wp-content\/uploads\/2024\/11\/Noleggia-un-veicolo-commerciale-1024x654.webp\" class=\"attachment-large size-large wp-image-1673\" alt=\"\" srcset=\"https:\/\/cadilacgroup.com\/wp-content\/uploads\/2024\/11\/Noleggia-un-veicolo-commerciale-1024x654.webp 1024w, https:\/\/cadilacgroup.com\/wp-content\/uploads\/2024\/11\/Noleggia-un-veicolo-commerciale-300x191.webp 300w, https:\/\/cadilacgroup.com\/wp-content\/uploads\/2024\/11\/Noleggia-un-veicolo-commerciale-768x490.webp 768w, https:\/\/cadilacgroup.com\/wp-content\/uploads\/2024\/11\/Noleggia-un-veicolo-commerciale.webp 1175w\" sizes=\"(max-width: 800px) 100vw, 800px\" \/>\t\t\t\t\t\t\t\t\t\t\t\t\t\t\t<\/div>\n\t\t\t\t<\/div>\n\t\t\t\t<\/div>\n\t\t\t\t<\/div>\n\t\t<div class=\"elementor-element elementor-element-3314fea e-con-full e-flex e-con e-parent\" data-id=\"3314fea\" data-element_type=\"container\" data-e-type=\"container\">\n\t\t<div class=\"elementor-element elementor-element-fa6509b e-con-full e-flex e-con e-child\" data-id=\"fa6509b\" data-element_type=\"container\" data-e-type=\"container\">\n\t\t\t\t<div class=\"elementor-element elementor-element-53efb0b elementor-widget elementor-widget-image\" data-id=\"53efb0b\" data-element_type=\"widget\" data-e-type=\"widget\" data-widget_type=\"image.default\">\n\t\t\t\t<div class=\"elementor-widget-container\">\n\t\t\t\t\t\t\t\t\t\t\t\t\t\t\t<img decoding=\"async\" width=\"800\" height=\"548\" src=\"https:\/\/cadilacgroup.com\/wp-content\/uploads\/2024\/09\/1727105610-1024x701.jpg\" class=\"attachment-large size-large wp-image-1055\" alt=\"\" srcset=\"https:\/\/cadilacgroup.com\/wp-content\/uploads\/2024\/09\/1727105610-1024x701.jpg 1024w, https:\/\/cadilacgroup.com\/wp-content\/uploads\/2024\/09\/1727105610-300x205.jpg 300w, https:\/\/cadilacgroup.com\/wp-content\/uploads\/2024\/09\/1727105610-768x525.jpg 768w, https:\/\/cadilacgroup.com\/wp-content\/uploads\/2024\/09\/1727105610.jpg 1216w\" sizes=\"(max-width: 800px) 100vw, 800px\" \/>\t\t\t\t\t\t\t\t\t\t\t\t\t\t\t<\/div>\n\t\t\t\t<\/div>\n\t\t\t\t<\/div>\n\t\t<div class=\"elementor-element elementor-element-adadb91 e-con-full e-flex e-con e-child\" data-id=\"adadb91\" data-element_type=\"container\" data-e-type=\"container\" data-settings=\"{&quot;background_background&quot;:&quot;classic&quot;}\">\n\t\t\t\t<div class=\"elementor-element elementor-element-8b08ea2 elementor-widget elementor-widget-heading\" data-id=\"8b08ea2\" data-element_type=\"widget\" data-e-type=\"widget\" data-widget_type=\"heading.default\">\n\t\t\t\t<div class=\"elementor-widget-container\">\n\t\t\t\t\t<h1 class=\"elementor-heading-title elementor-size-default\">Hai un officina? Richiedi veicoli di cortesia.<\/h1>\t\t\t\t<\/div>\n\t\t\t\t<\/div>\n\t\t\t\t<div class=\"elementor-element elementor-element-d1eea1e elementor-widget elementor-widget-text-editor\" data-id=\"d1eea1e\" data-element_type=\"widget\" data-e-type=\"widget\" data-widget_type=\"text-editor.default\">\n\t\t\t\t<div class=\"elementor-widget-container\">\n\t\t\t\t\t\t\t\t\t<p>Chiamaci ora e scopri come puoi offrire ai tuoi clienti veicoli di cortesia affidabili e pronti all\u2019uso. Ideali per carrozzieri, officine e centri assistenza, i nostri veicoli di cortesia garantiscono continuit\u00e0 di servizio e soddisfazione del cliente. Offriamo soluzioni flessibili, personalizzabili e sempre disponibili per venire incontro alle esigenze della tua attivit\u00e0.<\/p>\t\t\t\t\t\t\t\t<\/div>\n\t\t\t\t<\/div>\n\t\t\t\t<div class=\"elementor-element elementor-element-f54e515 elementor-widget elementor-widget-button\" data-id=\"f54e515\" data-element_type=\"widget\" data-e-type=\"widget\" data-widget_type=\"button.default\">\n\t\t\t\t<div class=\"elementor-widget-container\">\n\t\t\t\t\t\t\t\t\t<div class=\"elementor-button-wrapper\">\n\t\t\t\t\t<a class=\"elementor-button elementor-button-link elementor-size-sm\" href=\"https:\/\/cadilacgroup.com\/index.php\/contatti\/\">\n\t\t\t\t\t\t<span class=\"elementor-button-content-wrapper\">\n\t\t\t\t\t\t\t\t\t<span class=\"elementor-button-text\">CHIAMA E NOLEGGIA UN VEICOLO<\/span>\n\t\t\t\t\t<\/span>\n\t\t\t\t\t<\/a>\n\t\t\t\t<\/div>\n\t\t\t\t\t\t\t\t<\/div>\n\t\t\t\t<\/div>\n\t\t\t\t<\/div>\n\t\t\t\t<\/div>\n\t\t<div class=\"elementor-element elementor-element-eaba25f e-con-full e-flex e-con e-parent\" data-id=\"eaba25f\" data-element_type=\"container\" data-e-type=\"container\">\n\t\t<div class=\"elementor-element elementor-element-5f9837d e-con-full e-flex e-con e-child\" data-id=\"5f9837d\" data-element_type=\"container\" data-e-type=\"container\" data-settings=\"{&quot;background_background&quot;:&quot;classic&quot;}\">\n\t\t\t\t<div class=\"elementor-element elementor-element-02dc7c4 elementor-widget elementor-widget-heading\" data-id=\"02dc7c4\" data-element_type=\"widget\" data-e-type=\"widget\" data-widget_type=\"heading.default\">\n\t\t\t\t<div class=\"elementor-widget-container\">\n\t\t\t\t\t<h1 class=\"elementor-heading-title elementor-size-default\">Noleggio di Veicoli Transfer con Cadilac Group<\/h1>\t\t\t\t<\/div>\n\t\t\t\t<\/div>\n\t\t\t\t<div class=\"elementor-element elementor-element-d02bfd1 elementor-widget elementor-widget-text-editor\" data-id=\"d02bfd1\" data-element_type=\"widget\" data-e-type=\"widget\" data-widget_type=\"text-editor.default\">\n\t\t\t\t<div class=\"elementor-widget-container\">\n\t\t\t\t\t\t\t\t\t<p>Scegli Cadilac Group per il noleggio di veicoli transfer, perfetti per hotel, agenzie di viaggio e servizi di trasporto privato. I nostri veicoli sono comodi, spaziosi e ideali per transfer aeroportuali, escursioni e servizi navetta. Offriamo soluzioni flessibili e su misura per garantirti un servizio professionale e senza interruzioni.<\/p>\t\t\t\t\t\t\t\t<\/div>\n\t\t\t\t<\/div>\n\t\t\t\t<div class=\"elementor-element elementor-element-97596c8 elementor-widget elementor-widget-button\" data-id=\"97596c8\" data-element_type=\"widget\" data-e-type=\"widget\" data-widget_type=\"button.default\">\n\t\t\t\t<div class=\"elementor-widget-container\">\n\t\t\t\t\t\t\t\t\t<div class=\"elementor-button-wrapper\">\n\t\t\t\t\t<a class=\"elementor-button elementor-button-link elementor-size-sm\" href=\"https:\/\/cadilacgroup.com\/index.php\/contatti\/\">\n\t\t\t\t\t\t<span class=\"elementor-button-content-wrapper\">\n\t\t\t\t\t\t\t\t\t<span class=\"elementor-button-text\">CHIAMA E NOLEGGIA UN VEICOLO<\/span>\n\t\t\t\t\t<\/span>\n\t\t\t\t\t<\/a>\n\t\t\t\t<\/div>\n\t\t\t\t\t\t\t\t<\/div>\n\t\t\t\t<\/div>\n\t\t\t\t<\/div>\n\t\t<div class=\"elementor-element elementor-element-cd94ade e-con-full e-flex e-con e-child\" data-id=\"cd94ade\" data-element_type=\"container\" data-e-type=\"container\" data-settings=\"{&quot;background_background&quot;:&quot;gradient&quot;}\">\n\t\t\t\t<div class=\"elementor-element elementor-element-78a9fcb elementor-widget elementor-widget-image\" data-id=\"78a9fcb\" data-element_type=\"widget\" data-e-type=\"widget\" data-widget_type=\"image.default\">\n\t\t\t\t<div class=\"elementor-widget-container\">\n\t\t\t\t\t\t\t\t\t\t\t\t\t\t\t<img decoding=\"async\" width=\"577\" height=\"433\" src=\"https:\/\/cadilacgroup.com\/wp-content\/uploads\/2024\/09\/WhatsApp_Image_2021-08-30_at_12.42.49__3_-removebg-preview.webp\" class=\"attachment-large size-large wp-image-1058\" alt=\"Veicoli Transfer\" srcset=\"https:\/\/cadilacgroup.com\/wp-content\/uploads\/2024\/09\/WhatsApp_Image_2021-08-30_at_12.42.49__3_-removebg-preview.webp 577w, https:\/\/cadilacgroup.com\/wp-content\/uploads\/2024\/09\/WhatsApp_Image_2021-08-30_at_12.42.49__3_-removebg-preview-300x225.webp 300w\" sizes=\"(max-width: 577px) 100vw, 577px\" \/>\t\t\t\t\t\t\t\t\t\t\t\t\t\t\t<\/div>\n\t\t\t\t<\/div>\n\t\t\t\t<\/div>\n\t\t\t\t<\/div>\n\t\t<div class=\"elementor-element elementor-element-d8a3a05 e-con-full e-flex e-con e-parent\" data-id=\"d8a3a05\" data-element_type=\"container\" data-e-type=\"container\">\n\t\t<div class=\"elementor-element elementor-element-5a82aea e-con-full e-flex e-con e-child\" data-id=\"5a82aea\" data-element_type=\"container\" data-e-type=\"container\">\n\t\t<div class=\"elementor-element elementor-element-b076d66 e-con-full e-flex e-con e-child\" data-id=\"b076d66\" data-element_type=\"container\" data-e-type=\"container\">\n\t\t\t\t<div class=\"elementor-element elementor-element-a32d7c9 elementor-widget elementor-widget-image\" data-id=\"a32d7c9\" data-element_type=\"widget\" data-e-type=\"widget\" data-widget_type=\"image.default\">\n\t\t\t\t<div class=\"elementor-widget-container\">\n\t\t\t\t\t\t\t\t\t\t\t\t\t\t\t<img loading=\"lazy\" decoding=\"async\" width=\"800\" height=\"622\" src=\"https:\/\/cadilacgroup.com\/wp-content\/uploads\/2024\/09\/vantaggi-consulenza-3d-1024x796.webp\" class=\"attachment-large size-large wp-image-585\" alt=\"\" srcset=\"https:\/\/cadilacgroup.com\/wp-content\/uploads\/2024\/09\/vantaggi-consulenza-3d-1024x796.webp 1024w, https:\/\/cadilacgroup.com\/wp-content\/uploads\/2024\/09\/vantaggi-consulenza-3d-300x233.webp 300w, https:\/\/cadilacgroup.com\/wp-content\/uploads\/2024\/09\/vantaggi-consulenza-3d-768x597.webp 768w, https:\/\/cadilacgroup.com\/wp-content\/uploads\/2024\/09\/vantaggi-consulenza-3d.webp 1350w\" sizes=\"(max-width: 800px) 100vw, 800px\" \/>\t\t\t\t\t\t\t\t\t\t\t\t\t\t\t<\/div>\n\t\t\t\t<\/div>\n\t\t\t\t<\/div>\n\t\t\t\t<\/div>\n\t\t<div class=\"elementor-element elementor-element-6d71b8f e-con-full e-flex e-con e-child\" data-id=\"6d71b8f\" data-element_type=\"container\" data-e-type=\"container\" data-settings=\"{&quot;background_background&quot;:&quot;classic&quot;}\">\n\t\t\t\t<div class=\"elementor-element elementor-element-f768687 elementor-widget elementor-widget-heading\" data-id=\"f768687\" data-element_type=\"widget\" data-e-type=\"widget\" data-widget_type=\"heading.default\">\n\t\t\t\t<div class=\"elementor-widget-container\">\n\t\t\t\t\t<h3 class=\"elementor-heading-title elementor-size-default\">Usufruisci dei vantaggi offerti da Cadilac Group:\n<\/h3>\t\t\t\t<\/div>\n\t\t\t\t<\/div>\n\t\t\t\t<div class=\"elementor-element elementor-element-74efefd elementor-widget elementor-widget-text-editor\" data-id=\"74efefd\" data-element_type=\"widget\" data-e-type=\"widget\" data-widget_type=\"text-editor.default\">\n\t\t\t\t<div class=\"elementor-widget-container\">\n\t\t\t\t\t\t\t\t\t<p>Ecco 4 vantaggi per scegliere il servizio di noleggio con <strong>Cadilac Group<\/strong>:<br \/><strong style=\"background-color: transparent; font-size: 17.6px; text-align: var(--text-align);\"><br \/>Flotta versatile e spaziosa<\/strong><span style=\"background-color: transparent; font-size: 17.6px; text-align: var(--text-align);\">: Disponiamo di veicoli confortevoli e capienti, ideali per transfer aeroportuali, escursioni e servizi navetta.<br \/><\/span><strong style=\"background-color: transparent; font-size: 17.6px; text-align: var(--text-align);\"><br \/>Soluzioni personalizzabili<\/strong><span style=\"background-color: transparent; font-size: 17.6px; text-align: var(--text-align);\">: Offriamo contratti flessibili e su misura, pensati per adattarsi alle esigenze di hotel, agenzie di viaggio e operatori di trasporto privato.<br \/><\/span><span style=\"background-color: transparent; font-size: 17.6px; text-align: var(--text-align);\"><br \/><b>Affidabilit\u00e0 garantita<\/b><\/span><span style=\"background-color: transparent; font-size: 17.6px; text-align: var(--text-align);\">: I nostri veicoli sono costantemente manutenuti per assicurare un servizio professionale e senza interruzioni.<br \/><\/span><strong style=\"background-color: transparent; font-size: 17.6px; text-align: var(--text-align);\"><br \/>Esperienza senza stress<\/strong><span style=\"background-color: transparent; font-size: 17.6px; text-align: var(--text-align);\">: Forniamo veicoli pronti all&#8217;uso, con servizi aggiuntivi come il Telepass incluso, per rendere i tuoi spostamenti pi\u00f9 fluidi.<\/span><\/p><p>Questi vantaggi rendono il nostro servizio di veicoli transfer la scelta perfetta per chi cerca qualit\u00e0 e flessibilit\u00e0.<\/p>\t\t\t\t\t\t\t\t<\/div>\n\t\t\t\t<\/div>\n\t\t\t\t<div class=\"elementor-element elementor-element-c8625e9 elementor-widget elementor-widget-button\" data-id=\"c8625e9\" data-element_type=\"widget\" data-e-type=\"widget\" data-widget_type=\"button.default\">\n\t\t\t\t<div class=\"elementor-widget-container\">\n\t\t\t\t\t\t\t\t\t<div class=\"elementor-button-wrapper\">\n\t\t\t\t\t<a class=\"elementor-button elementor-button-link elementor-size-sm\" href=\"https:\/\/cadilacgroup.com\/index.php\/contatti\/\">\n\t\t\t\t\t\t<span class=\"elementor-button-content-wrapper\">\n\t\t\t\t\t\t\t\t\t<span class=\"elementor-button-text\">RICHIEDI UNA CONSULENZA<\/span>\n\t\t\t\t\t<\/span>\n\t\t\t\t\t<\/a>\n\t\t\t\t<\/div>\n\t\t\t\t\t\t\t\t<\/div>\n\t\t\t\t<\/div>\n\t\t\t\t<\/div>\n\t\t\t\t<\/div>\n\t\t<div class=\"elementor-element elementor-element-3704eb5 e-con-full e-flex e-con e-parent\" data-id=\"3704eb5\" data-element_type=\"container\" data-e-type=\"container\" data-settings=\"{&quot;background_background&quot;:&quot;gradient&quot;}\">\n\t\t\t\t<div class=\"elementor-element elementor-element-40c9644 elementor-widget elementor-widget-heading\" data-id=\"40c9644\" data-element_type=\"widget\" data-e-type=\"widget\" data-widget_type=\"heading.default\">\n\t\t\t\t<div class=\"elementor-widget-container\">\n\t\t\t\t\t<h3 class=\"elementor-heading-title elementor-size-default\">Chiama ora e noleggia un veicolo commerciale\n<\/h3>\t\t\t\t<\/div>\n\t\t\t\t<\/div>\n\t\t\t\t<div class=\"elementor-element elementor-element-0fe264f elementor-widget elementor-widget-text-editor\" data-id=\"0fe264f\" data-element_type=\"widget\" data-e-type=\"widget\" data-widget_type=\"text-editor.default\">\n\t\t\t\t<div class=\"elementor-widget-container\">\n\t\t\t\t\t\t\t\t\t<div class=\"flex max-w-full flex-col flex-grow\"><div class=\"min-h-[20px] text-message flex w-full flex-col items-end gap-2 whitespace-normal break-words [.text-message+&amp;]:mt-5\" dir=\"auto\" data-message-author-role=\"assistant\" data-message-id=\"409f5fd0-7848-4c38-b2b9-3afb69fefd60\"><div class=\"flex w-full flex-col gap-1 empty:hidden first:pt-[3px]\"><div class=\"markdown prose w-full break-words dark:prose-invert light\"><p>Con <strong>Cadilac Group<\/strong>, puoi trasformare il tuo veicolo in un potente strumento di marketing grazie al nostro servizio di <strong>brandizzazione<\/strong>. Scopri come valorizzare il tuo business con una soluzione su misura.<\/p><\/div><\/div><\/div><\/div>\t\t\t\t\t\t\t\t<\/div>\n\t\t\t\t<\/div>\n\t\t\t\t<div class=\"elementor-element elementor-element-09030c8 elementor-align-center elementor-widget elementor-widget-button\" data-id=\"09030c8\" data-element_type=\"widget\" data-e-type=\"widget\" data-widget_type=\"button.default\">\n\t\t\t\t<div class=\"elementor-widget-container\">\n\t\t\t\t\t\t\t\t\t<div class=\"elementor-button-wrapper\">\n\t\t\t\t\t<a class=\"elementor-button elementor-button-link elementor-size-sm\" href=\"https:\/\/cadilacgroup.com\/index.php\/contatti\/\">\n\t\t\t\t\t\t<span class=\"elementor-button-content-wrapper\">\n\t\t\t\t\t\t\t\t\t<span class=\"elementor-button-text\">RICHIEDI ORA<\/span>\n\t\t\t\t\t<\/span>\n\t\t\t\t\t<\/a>\n\t\t\t\t<\/div>\n\t\t\t\t\t\t\t\t<\/div>\n\t\t\t\t<\/div>\n\t\t\t\t<\/div>\n\t\t\t\t<\/div>\n\t\t","protected":false},"excerpt":{"rendered":"<p>Noleggia uno o pi\u00f9 veicoli per la tua attivit\u00e0! Affidati a Cadilac Group per il noleggio di veicoli commerciali adatti a ogni esigenza lavorativa. Offriamo furgoni, van, mezzi di cortesia con soluzioni di noleggio flessibili e personalizzate. I nostri veicoli commerciali garantiscono affidabilit\u00e0 e versatilit\u00e0, ideali per chi cerca praticit\u00e0 e convenienza senza compromessi sulla [&hellip;]<\/p>\n","protected":false},"author":1,"featured_media":0,"parent":0,"menu_order":0,"comment_status":"closed","ping_status":"closed","template":"elementor_header_footer","meta":{"footnotes":""},"class_list":["post-991","page","type-page","status-publish","hentry"],"_links":{"self":[{"href":"https:\/\/cadilacgroup.com\/index.php\/wp-json\/wp\/v2\/pages\/991","targetHints":{"allow":["GET"]}}],"collection":[{"href":"https:\/\/cadilacgroup.com\/index.php\/wp-json\/wp\/v2\/pages"}],"about":[{"href":"https:\/\/cadilacgroup.com\/index.php\/wp-json\/wp\/v2\/types\/page"}],"author":[{"embeddable":true,"href":"https:\/\/cadilacgroup.com\/index.php\/wp-json\/wp\/v2\/users\/1"}],"replies":[{"embeddable":true,"href":"https:\/\/cadilacgroup.com\/index.php\/wp-json\/wp\/v2\/comments?post=991"}],"version-history":[{"count":43,"href":"https:\/\/cadilacgroup.com\/index.php\/wp-json\/wp\/v2\/pages\/991\/revisions"}],"predecessor-version":[{"id":1798,"href":"https:\/\/cadilacgroup.com\/index.php\/wp-json\/wp\/v2\/pages\/991\/revisions\/1798"}],"wp:attachment":[{"href":"https:\/\/cadilacgroup.com\/index.php\/wp-json\/wp\/v2\/media?parent=991"}],"curies":[{"name":"wp","href":"https:\/\/api.w.org\/{rel}","templated":true}]}}