{"id":2,"date":"2024-05-09T18:36:31","date_gmt":"2024-05-09T16:36:31","guid":{"rendered":"http:\/\/cadilacgroup.com\/?page_id=2"},"modified":"2024-11-07T15:22:30","modified_gmt":"2024-11-07T14:22:30","slug":"personalizza-veicolo","status":"publish","type":"page","link":"https:\/\/cadilacgroup.com\/index.php\/personalizza-veicolo\/","title":{"rendered":"Personalizza il tuo veicolo"},"content":{"rendered":"\t\t<div data-elementor-type=\"wp-page\" data-elementor-id=\"2\" class=\"elementor elementor-2\" data-elementor-post-type=\"page\">\n\t\t\t\t<div class=\"elementor-element elementor-element-45fbafc0 e-con-full e-flex e-con e-parent\" data-id=\"45fbafc0\" data-element_type=\"container\" data-e-type=\"container\" data-settings=\"{&quot;background_background&quot;:&quot;classic&quot;}\">\n\t\t<div class=\"elementor-element elementor-element-9c4a540 e-con-full e-flex e-con e-child\" data-id=\"9c4a540\" data-element_type=\"container\" data-e-type=\"container\" data-settings=\"{&quot;background_background&quot;:&quot;classic&quot;}\">\n\t\t\t\t<div class=\"elementor-element elementor-element-67c3d6a0 elementor-widget elementor-widget-heading\" data-id=\"67c3d6a0\" data-element_type=\"widget\" data-e-type=\"widget\" data-widget_type=\"heading.default\">\n\t\t\t\t<div class=\"elementor-widget-container\">\n\t\t\t\t\t<h1 class=\"elementor-heading-title elementor-size-default\">Chiama e richiedi una personalizzazione per il tuo veicolo!<\/h1>\t\t\t\t<\/div>\n\t\t\t\t<\/div>\n\t\t\t\t<div class=\"elementor-element elementor-element-7425d6c5 elementor-widget elementor-widget-text-editor\" data-id=\"7425d6c5\" data-element_type=\"widget\" data-e-type=\"widget\" data-widget_type=\"text-editor.default\">\n\t\t\t\t<div class=\"elementor-widget-container\">\n\t\t\t\t\t\t\t\t\t<p>Vuoi distinguerti sulla strada e lasciare un&#8217;impressione duratura? Con Cadilac Group, puoi noleggiare un veicolo brandizzato su misura per le tue esigenze. Che tu sia un&#8217;azienda che vuole promuovere il proprio marchio o un privato che cerca un tocco di personalit\u00e0 in pi\u00f9, offriamo soluzioni di noleggio flessibili e personalizzate.<\/p>\t\t\t\t\t\t\t\t<\/div>\n\t\t\t\t<\/div>\n\t\t\t\t<div class=\"elementor-element elementor-element-e37a1d7 elementor-widget elementor-widget-button\" data-id=\"e37a1d7\" data-element_type=\"widget\" data-e-type=\"widget\" data-widget_type=\"button.default\">\n\t\t\t\t<div class=\"elementor-widget-container\">\n\t\t\t\t\t\t\t\t\t<div class=\"elementor-button-wrapper\">\n\t\t\t\t\t<a class=\"elementor-button elementor-button-link elementor-size-sm\" href=\"https:\/\/cadilacgroup.com\/index.php\/contatti\/\">\n\t\t\t\t\t\t<span class=\"elementor-button-content-wrapper\">\n\t\t\t\t\t\t\t\t\t<span class=\"elementor-button-text\">CHIAMA PER UNA CONSULENZA<\/span>\n\t\t\t\t\t<\/span>\n\t\t\t\t\t<\/a>\n\t\t\t\t<\/div>\n\t\t\t\t\t\t\t\t<\/div>\n\t\t\t\t<\/div>\n\t\t\t\t<\/div>\n\t\t<div class=\"elementor-element elementor-element-15ceeb5b e-con-full e-flex e-con e-child\" data-id=\"15ceeb5b\" data-element_type=\"container\" data-e-type=\"container\">\n\t\t\t\t<div class=\"elementor-element elementor-element-565a9c0b elementor-widget elementor-widget-image\" data-id=\"565a9c0b\" data-element_type=\"widget\" data-e-type=\"widget\" data-widget_type=\"image.default\">\n\t\t\t\t<div class=\"elementor-widget-container\">\n\t\t\t\t\t\t\t\t\t\t\t\t\t\t\t<img fetchpriority=\"high\" decoding=\"async\" width=\"800\" height=\"450\" src=\"https:\/\/cadilacgroup.com\/wp-content\/uploads\/2024\/10\/Bitmap-1.webp\" class=\"attachment-large size-large wp-image-1613\" alt=\"\" srcset=\"https:\/\/cadilacgroup.com\/wp-content\/uploads\/2024\/10\/Bitmap-1.webp 800w, https:\/\/cadilacgroup.com\/wp-content\/uploads\/2024\/10\/Bitmap-1-300x169.webp 300w, https:\/\/cadilacgroup.com\/wp-content\/uploads\/2024\/10\/Bitmap-1-768x432.webp 768w\" sizes=\"(max-width: 800px) 100vw, 800px\" \/>\t\t\t\t\t\t\t\t\t\t\t\t\t\t\t<\/div>\n\t\t\t\t<\/div>\n\t\t\t\t<\/div>\n\t\t\t\t<\/div>\n\t\t<div class=\"elementor-element elementor-element-6493fe2b e-con-full e-flex e-con e-parent\" data-id=\"6493fe2b\" data-element_type=\"container\" data-e-type=\"container\" data-settings=\"{&quot;background_background&quot;:&quot;gradient&quot;}\">\n\t\t<div class=\"elementor-element elementor-element-35f67b19 e-con-full e-flex e-con e-child\" data-id=\"35f67b19\" data-element_type=\"container\" data-e-type=\"container\">\n\t\t<div class=\"elementor-element elementor-element-783075e e-con-full e-flex e-con e-child\" data-id=\"783075e\" data-element_type=\"container\" data-e-type=\"container\">\n\t\t\t\t<div class=\"elementor-element elementor-element-cab880b elementor-widget elementor-widget-image\" data-id=\"cab880b\" data-element_type=\"widget\" data-e-type=\"widget\" data-widget_type=\"image.default\">\n\t\t\t\t<div class=\"elementor-widget-container\">\n\t\t\t\t\t\t\t\t\t\t\t\t\t\t\t<img decoding=\"async\" width=\"800\" height=\"622\" src=\"https:\/\/cadilacgroup.com\/wp-content\/uploads\/2024\/09\/vantaggi-consulenza-3d-1024x796.webp\" class=\"attachment-large size-large wp-image-585\" alt=\"\" srcset=\"https:\/\/cadilacgroup.com\/wp-content\/uploads\/2024\/09\/vantaggi-consulenza-3d-1024x796.webp 1024w, https:\/\/cadilacgroup.com\/wp-content\/uploads\/2024\/09\/vantaggi-consulenza-3d-300x233.webp 300w, https:\/\/cadilacgroup.com\/wp-content\/uploads\/2024\/09\/vantaggi-consulenza-3d-768x597.webp 768w, https:\/\/cadilacgroup.com\/wp-content\/uploads\/2024\/09\/vantaggi-consulenza-3d.webp 1350w\" sizes=\"(max-width: 800px) 100vw, 800px\" \/>\t\t\t\t\t\t\t\t\t\t\t\t\t\t\t<\/div>\n\t\t\t\t<\/div>\n\t\t\t\t<\/div>\n\t\t\t\t<\/div>\n\t\t<div class=\"elementor-element elementor-element-49d658b0 e-con-full e-flex e-con e-child\" data-id=\"49d658b0\" data-element_type=\"container\" data-e-type=\"container\" data-settings=\"{&quot;background_background&quot;:&quot;classic&quot;}\">\n\t\t\t\t<div class=\"elementor-element elementor-element-7770b930 elementor-widget elementor-widget-heading\" data-id=\"7770b930\" data-element_type=\"widget\" data-e-type=\"widget\" data-widget_type=\"heading.default\">\n\t\t\t\t<div class=\"elementor-widget-container\">\n\t\t\t\t\t<h3 class=\"elementor-heading-title elementor-size-default\">I vantaggi della Brandizzazione dei Veicoli Cadilac\n<\/h3>\t\t\t\t<\/div>\n\t\t\t\t<\/div>\n\t\t\t\t<div class=\"elementor-element elementor-element-4efa6abc elementor-widget elementor-widget-text-editor\" data-id=\"4efa6abc\" data-element_type=\"widget\" data-e-type=\"widget\" data-widget_type=\"text-editor.default\">\n\t\t\t\t<div class=\"elementor-widget-container\">\n\t\t\t\t\t\t\t\t\t<p>Scopri come la brandizzazione dei veicoli con Cadilac Group pu\u00f2 trasformare la tua attivit\u00e0 e migliorare la tua visibilit\u00e0. Noleggia un nostro veicolo oppure portaci il tuo, potrai beneficiare di:<\/p><p><strong>Visibilit\u00e0 Aumentata<\/strong>: <br \/>Porta il tuo marchio ovunque e raggiungi un pubblico pi\u00f9 ampio.<\/p><p><strong>Impatto Professionale<\/strong>:<br \/>Migliora l&#8217;immagine della tua azienda con veicoli che rispecchiano la tua identit\u00e0.<\/p><p><strong>Flessibilit\u00e0 e Personalizzazione<\/strong>:<br \/>Scegli il design e il messaggio che meglio rappresentano la tua attivit\u00e0.<\/p><p><strong>Consulenza Specializzata<\/strong>:<br \/>Il nostro team \u00e8 a tua disposizione per consigliarti e creare un veicolo che catturi l&#8217;attenzione e comunichi efficacemente il tuo brand.<\/p>\t\t\t\t\t\t\t\t<\/div>\n\t\t\t\t<\/div>\n\t\t\t\t<div class=\"elementor-element elementor-element-44b9858d elementor-widget elementor-widget-button\" data-id=\"44b9858d\" data-element_type=\"widget\" data-e-type=\"widget\" data-widget_type=\"button.default\">\n\t\t\t\t<div class=\"elementor-widget-container\">\n\t\t\t\t\t\t\t\t\t<div class=\"elementor-button-wrapper\">\n\t\t\t\t\t<a class=\"elementor-button elementor-button-link elementor-size-sm\" href=\"https:\/\/cadilacgroup.com\/index.php\/contatti\/\">\n\t\t\t\t\t\t<span class=\"elementor-button-content-wrapper\">\n\t\t\t\t\t\t\t\t\t<span class=\"elementor-button-text\">RICHIEDI UNA CONSULENZA<\/span>\n\t\t\t\t\t<\/span>\n\t\t\t\t\t<\/a>\n\t\t\t\t<\/div>\n\t\t\t\t\t\t\t\t<\/div>\n\t\t\t\t<\/div>\n\t\t\t\t<\/div>\n\t\t\t\t<\/div>\n\t\t<div class=\"elementor-element elementor-element-20ba29b4 e-flex e-con-boxed e-con e-parent\" data-id=\"20ba29b4\" data-element_type=\"container\" data-e-type=\"container\" data-settings=\"{&quot;background_background&quot;:&quot;classic&quot;}\">\n\t\t\t\t\t<div class=\"e-con-inner\">\n\t\t<div class=\"elementor-element elementor-element-f624afe e-con-full e-flex e-con e-child\" data-id=\"f624afe\" data-element_type=\"container\" data-e-type=\"container\" data-settings=\"{&quot;background_background&quot;:&quot;classic&quot;}\">\n\t\t\t\t<div class=\"elementor-element elementor-element-632fccdb elementor-widget elementor-widget-heading\" data-id=\"632fccdb\" data-element_type=\"widget\" data-e-type=\"widget\" data-widget_type=\"heading.default\">\n\t\t\t\t<div class=\"elementor-widget-container\">\n\t\t\t\t\t<h3 class=\"elementor-heading-title elementor-size-default\">Richiedi un Preventivo per la Brandizzazione del Tuo Veicolo\n<\/h3>\t\t\t\t<\/div>\n\t\t\t\t<\/div>\n\t\t\t\t<div class=\"elementor-element elementor-element-35066967 elementor-widget elementor-widget-text-editor\" data-id=\"35066967\" data-element_type=\"widget\" data-e-type=\"widget\" data-widget_type=\"text-editor.default\">\n\t\t\t\t<div class=\"elementor-widget-container\">\n\t\t\t\t\t\t\t\t\t<div class=\"flex max-w-full flex-col flex-grow\"><div class=\"min-h-[20px] text-message flex w-full flex-col items-end gap-2 whitespace-normal break-words [.text-message+&amp;]:mt-5\" dir=\"auto\" data-message-author-role=\"assistant\" data-message-id=\"409f5fd0-7848-4c38-b2b9-3afb69fefd60\"><div class=\"flex w-full flex-col gap-1 empty:hidden first:pt-[3px]\"><div class=\"markdown prose w-full break-words dark:prose-invert light\"><p>Con <strong>Cadilac Group<\/strong>, puoi trasformare il tuo veicolo in un potente strumento di marketing grazie al nostro servizio di <strong>brandizzazione<\/strong>. Scopri come valorizzare il tuo business con una soluzione su misura.<\/p><\/div><\/div><\/div><\/div>\t\t\t\t\t\t\t\t<\/div>\n\t\t\t\t<\/div>\n\t\t\t\t<div class=\"elementor-element elementor-element-378631f5 elementor-align-center elementor-widget elementor-widget-button\" data-id=\"378631f5\" data-element_type=\"widget\" data-e-type=\"widget\" data-widget_type=\"button.default\">\n\t\t\t\t<div class=\"elementor-widget-container\">\n\t\t\t\t\t\t\t\t\t<div class=\"elementor-button-wrapper\">\n\t\t\t\t\t<a class=\"elementor-button elementor-button-link elementor-size-sm\" href=\"https:\/\/cadilacgroup.com\/index.php\/contatti\/\">\n\t\t\t\t\t\t<span class=\"elementor-button-content-wrapper\">\n\t\t\t\t\t\t\t\t\t<span class=\"elementor-button-text\">RICHIEDI ORA<\/span>\n\t\t\t\t\t<\/span>\n\t\t\t\t\t<\/a>\n\t\t\t\t<\/div>\n\t\t\t\t\t\t\t\t<\/div>\n\t\t\t\t<\/div>\n\t\t\t\t<\/div>\n\t\t\t\t\t<\/div>\n\t\t\t\t<\/div>\n\t\t\t\t<\/div>\n\t\t","protected":false},"excerpt":{"rendered":"<p>Chiama e richiedi una personalizzazione per il tuo veicolo! Vuoi distinguerti sulla strada e lasciare un&#8217;impressione duratura? Con Cadilac Group, puoi noleggiare un veicolo brandizzato su misura per le tue esigenze. Che tu sia un&#8217;azienda che vuole promuovere il proprio marchio o un privato che cerca un tocco di personalit\u00e0 in pi\u00f9, offriamo soluzioni di [&hellip;]<\/p>\n","protected":false},"author":1,"featured_media":0,"parent":0,"menu_order":0,"comment_status":"closed","ping_status":"open","template":"elementor_header_footer","meta":{"footnotes":""},"class_list":["post-2","page","type-page","status-publish","hentry"],"_links":{"self":[{"href":"https:\/\/cadilacgroup.com\/index.php\/wp-json\/wp\/v2\/pages\/2","targetHints":{"allow":["GET"]}}],"collection":[{"href":"https:\/\/cadilacgroup.com\/index.php\/wp-json\/wp\/v2\/pages"}],"about":[{"href":"https:\/\/cadilacgroup.com\/index.php\/wp-json\/wp\/v2\/types\/page"}],"author":[{"embeddable":true,"href":"https:\/\/cadilacgroup.com\/index.php\/wp-json\/wp\/v2\/users\/1"}],"replies":[{"embeddable":true,"href":"https:\/\/cadilacgroup.com\/index.php\/wp-json\/wp\/v2\/comments?post=2"}],"version-history":[{"count":95,"href":"https:\/\/cadilacgroup.com\/index.php\/wp-json\/wp\/v2\/pages\/2\/revisions"}],"predecessor-version":[{"id":1795,"href":"https:\/\/cadilacgroup.com\/index.php\/wp-json\/wp\/v2\/pages\/2\/revisions\/1795"}],"wp:attachment":[{"href":"https:\/\/cadilacgroup.com\/index.php\/wp-json\/wp\/v2\/media?parent=2"}],"curies":[{"name":"wp","href":"https:\/\/api.w.org\/{rel}","templated":true}]}}